{"id":3893,"date":"2022-05-14T19:26:06","date_gmt":"2022-05-14T16:26:06","guid":{"rendered":"https:\/\/bilisimvadisi.com.tr\/v2\/?page_id=3893"},"modified":"2022-06-27T14:10:33","modified_gmt":"2022-06-27T11:10:33","slug":"brands","status":"publish","type":"page","link":"https:\/\/bilisimvadisi.com.tr\/en\/brands\/","title":{"rendered":"Brands"},"content":{"rendered":"<p><div class=\"fusion-fullwidth fullwidth-box fusion-builder-row-1 fusion-flex-container nonhundred-percent-fullwidth non-hundred-percent-height-scrolling\" style=\"--awb-border-radius-top-left:0px;--awb-border-radius-top-right:0px;--awb-border-radius-bottom-right:0px;--awb-border-radius-bottom-left:0px;--awb-padding-bottom-small:30px;--awb-flex-wrap:wrap;\" ><div class=\"fusion-builder-row fusion-row fusion-flex-align-items-center fusion-flex-content-wrap\" style=\"max-width:1320.8px;margin-left: calc(-4% \/ 2 );margin-right: calc(-4% \/ 2 );\"><div class=\"fusion-layout-column fusion_builder_column fusion-builder-column-0 fusion_builder_column_1_3 1_3 fusion-flex-column\" style=\"--awb-padding-top:40px;--awb-padding-bottom:30px;--awb-bg-size:cover;--awb-width-large:33.333333333333%;--awb-margin-top-large:0px;--awb-spacing-right-large:7.68%;--awb-margin-bottom-large:25px;--awb-spacing-left-large:5.76%;--awb-width-medium:100%;--awb-spacing-right-medium:1.92%;--awb-margin-bottom-medium:0px;--awb-spacing-left-medium:1.92%;--awb-width-small:100%;--awb-spacing-right-small:1.92%;--awb-spacing-left-small:1.92%;\"><div class=\"fusion-column-wrapper fusion-column-has-shadow fusion-flex-justify-content-center fusion-content-layout-column\"><div class=\"fusion-title title fusion-title-1 fusion-sep-none fusion-title-text fusion-title-size-six\" style=\"--awb-margin-top:0px;--awb-margin-bottom:10px;--awb-margin-top-small:8px;--awb-margin-right-small:0px;--awb-margin-bottom-small:10px;--awb-margin-left-small:0px;\"><h6 class=\"fusion-title-heading title-heading-left md-text-align-center sm-text-align-center fusion-responsive-typography-calculated\" style=\"margin:0;--fontSize:14;--minFontSize:14;line-height:1.8;\">Bili\u015fim Vadisi<\/h6><\/div><div class=\"fusion-title title fusion-title-2 fusion-sep-none fusion-title-text fusion-title-size-two\" style=\"--awb-margin-bottom:32px;--awb-margin-top-small:8px;--awb-margin-right-small:0px;--awb-margin-bottom-small:16px;--awb-margin-left-small:0px;--awb-margin-bottom-medium:20px;\"><h2 class=\"fusion-title-heading title-heading-left md-text-align-center sm-text-align-center fusion-responsive-typography-calculated\" style=\"margin:0;--fontSize:44;line-height:1.4;\">Hikayemiz<\/h2><\/div><div class=\"fusion-text fusion-text-1 md-text-align-center sm-text-align-center\"><p>T\u00fcrkiye\u2019nin Bili\u015fim Vadisi\u2019nin fikri temelleri 2011, fiziki temelleri de 2015 y\u0131l\u0131nda at\u0131ld\u0131. 2019 y\u0131l\u0131nda faaliyete ba\u015flayan Vadi, 2021 y\u0131l\u0131 itibariyle de T\u00fcrkiye\u2019nin en b\u00fcy\u00fck teknoloji geli\u015ftirme b\u00f6lgesi oldu. Bili\u015fim Vadisi, Milli Teknoloji Hamlesinin vizyonunu hayata ge\u00e7irmek ad\u0131na T\u00fcrkiye\u2019nin ekonomik ve teknolojik olarak tam ba\u011f\u0131ms\u0131zl\u0131\u011f\u0131n\u0131 sa\u011flayabilmek hedefiyle \u00e7al\u0131\u015fmalar\u0131n\u0131 s\u00fcrd\u00fcr\u00fcyor. Bu ba\u011flamda Vadi, T\u00fcrkiye\u2019nin savunma sanayinde kaydetti\u011fi ba\u015far\u0131n\u0131n sivil teknolojilere aktar\u0131lmas\u0131nda \u00f6nemli bir k\u00f6pr\u00fc i\u015flevi g\u00f6r\u00fcyor.<\/p>\n<p>Bili\u015fim vadisi, bilimin teknolojiye, teknolojinin \u00fcr\u00fcne d\u00f6n\u00fc\u015ft\u00fc\u011f\u00fc ve ticarile\u015fti\u011fi bir platformdur. Bu platform b\u00fcnyesinde her birinin kendine has k\u00fcmelenmeleri bulunan Mobilite, Ba\u011flant\u0131 Teknolojileri, Siber G\u00fcvenlik, Tasar\u0131m Teknolojileri, Ak\u0131ll\u0131 \u015eehirler ve Oyun Teknolojileri kategorilerinde ekosistemi g\u00fc\u00e7lendirecek \u00e7al\u0131\u015fmalar y\u00fcr\u00fct\u00fcl\u00fcyor.<\/p>\n<p>Bili\u015fim Vadisi, 2023 Vizyon hedefleri \u00e7er\u00e7evesinde T\u00fcrkiye\u2019nin g\u00fcc\u00fcne g\u00fc\u00e7 katmay\u0131, katma de\u011feri y\u00fcksek yeni teknolojilerin ve \u00fcr\u00fcnlerin \u00fcretilmesini sa\u011flamay\u0131 ama\u00e7l\u0131yor.<\/p>\n<\/div><\/div><\/div><div class=\"fusion-layout-column fusion_builder_column fusion-builder-column-1 fusion_builder_column_2_3 2_3 fusion-flex-column\" style=\"--awb-bg-size:cover;--awb-width-large:66.666666666667%;--awb-margin-top-large:0px;--awb-spacing-right-large:2.88%;--awb-margin-bottom-large:50px;--awb-spacing-left-large:8.64%;--awb-width-medium:100%;--awb-spacing-right-medium:1.92%;--awb-spacing-left-medium:1.92%;--awb-width-small:100%;--awb-spacing-right-small:1.92%;--awb-spacing-left-small:1.92%;\"><div class=\"fusion-column-wrapper fusion-column-has-shadow fusion-flex-justify-content-flex-start fusion-content-layout-column\"><div class=\"fusion-image-element \" style=\"--awb-caption-title-font-family:var(--h2_typography-font-family);--awb-caption-title-font-weight:var(--h2_typography-font-weight);--awb-caption-title-font-style:var(--h2_typography-font-style);--awb-caption-title-size:var(--h2_typography-font-size);--awb-caption-title-transform:var(--h2_typography-text-transform);--awb-caption-title-line-height:var(--h2_typography-line-height);--awb-caption-title-letter-spacing:var(--h2_typography-letter-spacing);\"><span class=\" fusion-imageframe imageframe-none imageframe-1 hover-type-zoomin\"><img decoding=\"async\" width=\"1920\" height=\"1080\" title=\"ayazagaya-da-bilisim-vadisi\" src=\"https:\/\/bilisimvadisi.com.tr\/en\/wp-content\/uploads\/2022\/01\/ayazagaya-da-bilisim-vadisi.jpg\" data-orig-src=\"https:\/\/bilisimvadisi.com.tr\/wp-content\/uploads\/2022\/01\/ayazagaya-da-bilisim-vadisi.jpg\" alt class=\"lazyload img-responsive wp-image-3429\" srcset=\"data:image\/svg+xml,%3Csvg%20xmlns%3D%27http%3A%2F%2Fwww.w3.org%2F2000%2Fsvg%27%20width%3D%271920%27%20height%3D%271080%27%20viewBox%3D%270%200%201920%201080%27%3E%3Crect%20width%3D%271920%27%20height%3D%271080%27%20fill-opacity%3D%220%22%2F%3E%3C%2Fsvg%3E\" data-srcset=\"https:\/\/bilisimvadisi.com.tr\/en\/wp-content\/uploads\/2022\/01\/ayazagaya-da-bilisim-vadisi-200x113.jpg 200w, https:\/\/bilisimvadisi.com.tr\/en\/wp-content\/uploads\/2022\/01\/ayazagaya-da-bilisim-vadisi-400x225.jpg 400w, https:\/\/bilisimvadisi.com.tr\/en\/wp-content\/uploads\/2022\/01\/ayazagaya-da-bilisim-vadisi-600x338.jpg 600w, https:\/\/bilisimvadisi.com.tr\/en\/wp-content\/uploads\/2022\/01\/ayazagaya-da-bilisim-vadisi-800x450.jpg 800w, https:\/\/bilisimvadisi.com.tr\/en\/wp-content\/uploads\/2022\/01\/ayazagaya-da-bilisim-vadisi-1200x675.jpg 1200w, https:\/\/bilisimvadisi.com.tr\/en\/wp-content\/uploads\/2022\/01\/ayazagaya-da-bilisim-vadisi.jpg 1920w\" data-sizes=\"auto\" data-orig-sizes=\"(max-width: 1024px) 100vw, (max-width: 640px) 100vw, 800px\" \/><\/span><\/div><div class=\"fusion-builder-row fusion-builder-row-inner fusion-row fusion-flex-align-items-center fusion-flex-content-wrap\" style=\"--awb-flex-grow:0;--awb-flex-grow-medium:0;--awb-flex-grow-small:0;--awb-flex-shrink:0;--awb-flex-shrink-medium:0;--awb-flex-shrink-small:0;width:104% !important;max-width:104% !important;margin-left: calc(-4% \/ 2 );margin-right: calc(-4% \/ 2 );\"><div class=\"fusion-layout-column fusion_builder_column_inner fusion-builder-nested-column-0 fusion_builder_column_inner_1_2 1_2 fusion-flex-column fusion-column-inner-bg-wrapper\" style=\"--awb-padding-top:100px;--awb-padding-bottom:100px;--awb-inner-bg-color:#181b20;--awb-inner-bg-color-hover:#181b20;--awb-inner-bg-position:center top;--awb-inner-bg-size:cover;--awb-width-large:50%;--awb-margin-top-large:0px;--awb-spacing-right-large:0px;--awb-margin-bottom-large:0px;--awb-spacing-left-large:3.84%;--awb-width-medium:50%;--awb-spacing-right-medium:0px;--awb-spacing-left-medium:3.84%;--awb-width-small:100%;--awb-spacing-right-small:1.92%;--awb-spacing-left-small:1.92%;\"><span class=\"fusion-column-inner-bg hover-type-zoomin\"><a class=\"fusion-column-anchor\" href=\"https:\/\/vimeo.com\/202173888\"><span class=\"fusion-column-inner-bg-image lazyload\" data-bg=\"https:\/\/bilisimvadisi.com.tr\/wp-content\/uploads\/2021\/11\/Bilisim_Vadisi_TR_001.jpg\"><\/span><\/a><\/span><div class=\"fusion-column-wrapper fusion-column-has-shadow fusion-flex-justify-content-center fusion-content-layout-column fusion-column-has-bg-image\" data-bg-url=\"https:\/\/bilisimvadisi.com.tr\/wp-content\/uploads\/2021\/11\/Bilisim_Vadisi_TR_001.jpg\"><a class=\"fb-icon-element-1 fb-icon-element fontawesome-icon icon-furnitureplay-solid circle-no fusion-link icon-hover-animation-slide\" style=\"--awb-iconcolor-hover:rgba(255,255,255,0.7);--awb-font-size:32px;--awb-margin-top:0;--awb-margin-right:0;--awb-margin-bottom:0;--awb-margin-left:0;--awb-align-self:center;\" href=\"https:\/\/youtu.be\/8kwmWsVj-TQ\" target=\"_self\" aria-label=\"Link to https:\/\/youtu.be\/8kwmWsVj-TQ\"><\/a><\/div><\/div><div class=\"fusion-layout-column fusion_builder_column_inner fusion-builder-nested-column-1 fusion_builder_column_inner_1_2 1_2 fusion-flex-column fusion-flex-align-self-flex-start fusion-column-no-min-height fusion-column-inner-bg-wrapper\" style=\"--awb-padding-top:28px;--awb-padding-right:40px;--awb-padding-bottom:28px;--awb-padding-left:40px;--awb-inner-bg-color:#181b20;--awb-inner-bg-color-hover:#181b20;--awb-inner-bg-size:cover;--awb-filter:opacity(100%);--awb-filter-transition:filter 0.3s ease;--awb-filter-hover:opacity(92%);--awb-width-large:50%;--awb-margin-top-large:0px;--awb-spacing-right-large:3.84%;--awb-margin-bottom-large:0px;--awb-spacing-left-large:0px;--awb-width-medium:50%;--awb-spacing-right-medium:3.84%;--awb-spacing-left-medium:0px;--awb-width-small:100%;--awb-spacing-right-small:1.92%;--awb-spacing-left-small:1.92%;\"><span class=\"fusion-column-inner-bg hover-type-zoomin\"><a class=\"fusion-column-anchor\" href=\"https:\/\/bilisimvadisi.com.tr\/contact\/\"><span class=\"fusion-column-inner-bg-image\"><\/span><\/a><\/span><div class=\"fusion-column-wrapper fusion-column-has-shadow fusion-flex-justify-content-flex-start fusion-content-layout-block\"><div class=\"fusion-fa-align-right\"><i class=\"fb-icon-element-2 fb-icon-element fontawesome-icon icon-furniturearrow-right-solid circle-yes\" style=\"--awb-iconcolor:#ffffff;--awb-iconcolor-hover:#ffffff;--awb-circlecolor:rgba(24,27,32,0);--awb-circlecolor-hover:rgba(24,27,32,0);--awb-circlebordercolor-hover:var(--awb-color5);--awb-circlebordersize:1px;--awb-font-size:14.08px;--awb-width:28.16px;--awb-height:28.16px;--awb-line-height:26.16px;--awb-margin-top:-2px;\"><\/i><\/div><div class=\"fusion-text fusion-text-2 paragraph-small\"><p style=\"font-size: 16px; text-transform: uppercase; line-height: 26px; margin-bottom: 0px; letter-spacing: normal; font-family: 'Work Sans'; font-weight: 500; color: #ffffff; text-align: left;\" data-fusion-font=\"true\" data-fusion-google-font=\"Work Sans\" data-fusion-google-variant=\"500\" data-fusion-google-subset=\"latin\">Bize Ula\u015f\u0131n<\/p>\n<\/div><\/div><\/div><\/div><\/div><\/div><\/div><\/div><div class=\"fusion-fullwidth fullwidth-box fusion-builder-row-2 fusion-flex-container nonhundred-percent-fullwidth non-hundred-percent-height-scrolling fusion-no-small-visibility fusion-no-medium-visibility\" style=\"--awb-border-radius-top-left:0px;--awb-border-radius-top-right:0px;--awb-border-radius-bottom-right:0px;--awb-border-radius-bottom-left:0px;--awb-padding-top:4%;--awb-padding-bottom:4%;--awb-padding-top-medium:40px;--awb-background-color:var(--awb-color7);--awb-flex-wrap:wrap;\" ><div class=\"fusion-builder-row fusion-row fusion-flex-align-items-stretch fusion-flex-content-wrap\" style=\"max-width:1320.8px;margin-left: calc(-4% \/ 2 );margin-right: calc(-4% \/ 2 );\"><div class=\"fusion-layout-column fusion_builder_column fusion-builder-column-2 fusion_builder_column_1_3 1_3 fusion-flex-column fusion-animated\" style=\"--awb-bg-size:cover;--awb-width-large:33.333333333333%;--awb-margin-top-large:25px;--awb-spacing-right-large:5.76%;--awb-margin-bottom-large:25px;--awb-spacing-left-large:5.76%;--awb-width-medium:100%;--awb-order-medium:0;--awb-spacing-right-medium:1.92%;--awb-spacing-left-medium:1.92%;--awb-width-small:100%;--awb-order-small:0;--awb-spacing-right-small:1.92%;--awb-spacing-left-small:1.92%;\" data-animationType=\"fadeIn\" data-animationDuration=\"1.2\" data-animationOffset=\"top-into-view\"><div class=\"fusion-column-wrapper fusion-column-has-shadow fusion-flex-justify-content-flex-start fusion-content-layout-column\"><div class=\"fusion-title title fusion-title-3 fusion-sep-none fusion-title-center fusion-title-text fusion-title-size-six\" style=\"--awb-text-color:var(--awb-color2);--awb-margin-top:40px;--awb-margin-right:40px;--awb-margin-left:40px;--awb-margin-top-small:8px;--awb-margin-right-small:0px;--awb-margin-bottom-small:10px;--awb-margin-left-small:0px;\"><h6 class=\"fusion-title-heading title-heading-center fusion-responsive-typography-calculated\" style=\"margin:0;--fontSize:14;--minFontSize:14;line-height:1.8;\"><strong>Vizyonumuz<\/strong><\/h6><\/div><div class=\"fusion-text fusion-text-3\"><p>Bili\u015fim Vadisi; \u201cMilli Teknoloji Hamlesi ile d\u00fcnyay\u0131 de\u011fi\u015ftirecek faydal\u0131 teknolojilerin ulusal ve uluslararas\u0131 arenada \u00f6nc\u00fcs\u00fc bir yap\u0131 olmay\u0131\u201d vizyonu olarak kabul etmektedir.<\/p>\n<\/div><\/div><\/div><div class=\"fusion-layout-column fusion_builder_column fusion-builder-column-3 fusion_builder_column_1_3 1_3 fusion-flex-column fusion-animated\" style=\"--awb-bg-size:cover;--awb-width-large:33.333333333333%;--awb-margin-top-large:25px;--awb-spacing-right-large:5.76%;--awb-margin-bottom-large:25px;--awb-spacing-left-large:5.76%;--awb-width-medium:100%;--awb-order-medium:0;--awb-spacing-right-medium:1.92%;--awb-spacing-left-medium:1.92%;--awb-width-small:100%;--awb-order-small:0;--awb-spacing-right-small:1.92%;--awb-spacing-left-small:1.92%;\" data-animationType=\"fadeIn\" data-animationDuration=\"1.2\" data-animationOffset=\"top-into-view\"><div class=\"fusion-column-wrapper fusion-column-has-shadow fusion-flex-justify-content-flex-start fusion-content-layout-column\"><div class=\"fusion-title title fusion-title-4 fusion-sep-none fusion-title-center fusion-title-text fusion-title-size-six\" style=\"--awb-text-color:var(--awb-color2);--awb-margin-top:40px;--awb-margin-right:40px;--awb-margin-left:40px;--awb-margin-top-small:8px;--awb-margin-right-small:0px;--awb-margin-bottom-small:10px;--awb-margin-left-small:0px;\"><h6 class=\"fusion-title-heading title-heading-center fusion-responsive-typography-calculated\" style=\"margin:0;--fontSize:14;--minFontSize:14;line-height:1.8;\"><strong>Misyonumuz<\/strong><\/h6><\/div><div class=\"fusion-text fusion-text-4\"><p>Bili\u015fim Vadisi, teknoloji tabanl\u0131 fikirlerin \u00fcr\u00fcne d\u00f6n\u00fc\u015ft\u00fc\u011f\u00fc ve ticarile\u015fti\u011fi bir Mega Teknoloji Koridorudur. Amac\u0131m\u0131z, 2023 Milli Teknoloji Hamlesi Vizyon Hedefleri \u00e7er\u00e7evesinde Kamu &#8211; \u00dcniversite \u2013 Sanayi \u2013 Sivil Toplum i\u015fbirli\u011fini sa\u011flayarak T\u00fcrkiye\u2019nin g\u00fcc\u00fcne g\u00fc\u00e7 katacak katma de\u011feri y\u00fcksek yeni teknolojilerin \u00fcretilmesini ve ticarile\u015fmesini sa\u011flamakt\u0131r.<\/p>\n<\/div><\/div><\/div><div class=\"fusion-layout-column fusion_builder_column fusion-builder-column-4 fusion_builder_column_1_3 1_3 fusion-flex-column fusion-animated\" style=\"--awb-bg-size:cover;--awb-width-large:33.333333333333%;--awb-margin-top-large:25px;--awb-spacing-right-large:5.76%;--awb-margin-bottom-large:25px;--awb-spacing-left-large:5.76%;--awb-width-medium:100%;--awb-order-medium:0;--awb-spacing-right-medium:1.92%;--awb-spacing-left-medium:1.92%;--awb-width-small:100%;--awb-order-small:0;--awb-spacing-right-small:1.92%;--awb-spacing-left-small:1.92%;\" data-animationType=\"fadeIn\" data-animationDuration=\"1.2\" data-animationOffset=\"top-into-view\"><div class=\"fusion-column-wrapper fusion-column-has-shadow fusion-flex-justify-content-flex-start fusion-content-layout-column\"><div class=\"fusion-title title fusion-title-5 fusion-sep-none fusion-title-center fusion-title-text fusion-title-size-six\" style=\"--awb-text-color:var(--awb-color2);--awb-margin-top:40px;--awb-margin-right:40px;--awb-margin-left:40px;--awb-margin-top-small:8px;--awb-margin-right-small:0px;--awb-margin-bottom-small:10px;--awb-margin-left-small:0px;\"><h6 class=\"fusion-title-heading title-heading-center fusion-responsive-typography-calculated\" style=\"margin:0;--fontSize:14;--minFontSize:14;line-height:1.8;\"><strong>Kalite Politikam\u0131z<\/strong><\/h6><\/div><div class=\"fusion-text fusion-text-5\"><ul>\n<li>Ulusal, uluslararas\u0131 yasalara ve standartlara uyarak,<\/li>\n<li>D\u00fcnyadaki konjonkt\u00fcr\u00fc dikkate alarak,<\/li>\n<li>\u00c7evresel, sosyal, fiziksel, psikolojik fakt\u00f6rleri de\u011ferlendirerek,<\/li>\n<li>\u00c7evreye zarar vermeden ve gerekli i\u015f sa\u011fl\u0131\u011f\u0131 ve g\u00fcvenli\u011fi tedbirlerini alarak,<\/li>\n<li>Taahh\u00fct\u00fcm\u00fcz olan hizmetleri kesintisiz yerine getirerek,<\/li>\n<li>Bili\u015fim Vadisi\u2019nin her t\u00fcrl\u00fc g\u00fcvenli\u011fini sa\u011flayarak,<\/li>\n<li>Bili\u015fim Vadisi\u2019nde bulunan m\u00fc\u015fterilerimizin huzurlu, sa\u011fl\u0131kl\u0131 ortamlarda \u00e7al\u0131\u015fmas\u0131n\u0131 sa\u011flayarak t\u00fcm payda\u015flar\u0131m\u0131z\u0131 mutlu edebilmektir.<\/li>\n<\/ul>\n<\/div><\/div><\/div><\/div><\/div><\/p>\n","protected":false},"excerpt":{"rendered":"","protected":false},"author":1,"featured_media":0,"parent":0,"menu_order":0,"comment_status":"closed","ping_status":"closed","template":"100-width.php","meta":{"footnotes":""},"class_list":["post-3893","page","type-page","status-publish","hentry"],"yoast_head":"<!-- This site is optimized with the Yoast SEO plugin v27.4 - https:\/\/yoast.com\/product\/yoast-seo-wordpress\/ -->\n<title>Brands - Bili\u015fim Vadisi<\/title>\n<meta name=\"robots\" content=\"index, follow, max-snippet:-1, max-image-preview:large, max-video-preview:-1\" \/>\n<link rel=\"canonical\" href=\"https:\/\/bilisimvadisi.com.tr\/en\/brands\/\" \/>\n<meta property=\"og:locale\" content=\"en_US\" \/>\n<meta property=\"og:type\" content=\"article\" \/>\n<meta property=\"og:title\" content=\"Brands - Bili\u015fim Vadisi\" \/>\n<meta property=\"og:url\" content=\"https:\/\/bilisimvadisi.com.tr\/en\/brands\/\" \/>\n<meta property=\"og:site_name\" content=\"Bili\u015fim Vadisi\" \/>\n<meta property=\"article:modified_time\" content=\"2022-06-27T11:10:33+00:00\" \/>\n<meta name=\"twitter:card\" content=\"summary_large_image\" \/>\n<meta name=\"twitter:site\" content=\"@Bilisimvadisitr\" \/>\n<meta name=\"twitter:label1\" content=\"Est. reading time\" \/>\n\t<meta name=\"twitter:data1\" content=\"12 minutes\" \/>\n<script type=\"application\/ld+json\" class=\"yoast-schema-graph\">{\"@context\":\"https:\\\/\\\/schema.org\",\"@graph\":[{\"@type\":\"WebPage\",\"@id\":\"https:\\\/\\\/bilisimvadisi.com.tr\\\/en\\\/brands\\\/\",\"url\":\"https:\\\/\\\/bilisimvadisi.com.tr\\\/en\\\/brands\\\/\",\"name\":\"Brands - Bili\u015fim Vadisi\",\"isPartOf\":{\"@id\":\"https:\\\/\\\/bilisimvadisi.com.tr\\\/en\\\/#website\"},\"datePublished\":\"2022-05-14T16:26:06+00:00\",\"dateModified\":\"2022-06-27T11:10:33+00:00\",\"breadcrumb\":{\"@id\":\"https:\\\/\\\/bilisimvadisi.com.tr\\\/en\\\/brands\\\/#breadcrumb\"},\"inLanguage\":\"en-US\",\"potentialAction\":[{\"@type\":\"ReadAction\",\"target\":[\"https:\\\/\\\/bilisimvadisi.com.tr\\\/en\\\/brands\\\/\"]}]},{\"@type\":\"BreadcrumbList\",\"@id\":\"https:\\\/\\\/bilisimvadisi.com.tr\\\/en\\\/brands\\\/#breadcrumb\",\"itemListElement\":[{\"@type\":\"ListItem\",\"position\":1,\"name\":\"Anasayfa\",\"item\":\"https:\\\/\\\/bilisimvadisi.com.tr\\\/en\\\/\"},{\"@type\":\"ListItem\",\"position\":2,\"name\":\"Brands\"}]},{\"@type\":\"WebSite\",\"@id\":\"https:\\\/\\\/bilisimvadisi.com.tr\\\/en\\\/#website\",\"url\":\"https:\\\/\\\/bilisimvadisi.com.tr\\\/en\\\/\",\"name\":\"Bili\u015fim Vadisi\",\"description\":\"Technology Development Zone\",\"publisher\":{\"@id\":\"https:\\\/\\\/bilisimvadisi.com.tr\\\/en\\\/#organization\"},\"potentialAction\":[{\"@type\":\"SearchAction\",\"target\":{\"@type\":\"EntryPoint\",\"urlTemplate\":\"https:\\\/\\\/bilisimvadisi.com.tr\\\/en\\\/?s={search_term_string}\"},\"query-input\":{\"@type\":\"PropertyValueSpecification\",\"valueRequired\":true,\"valueName\":\"search_term_string\"}}],\"inLanguage\":\"en-US\"},{\"@type\":\"Organization\",\"@id\":\"https:\\\/\\\/bilisimvadisi.com.tr\\\/en\\\/#organization\",\"name\":\"Bili\u015fim Vadisi\",\"url\":\"https:\\\/\\\/bilisimvadisi.com.tr\\\/en\\\/\",\"logo\":{\"@type\":\"ImageObject\",\"inLanguage\":\"en-US\",\"@id\":\"https:\\\/\\\/bilisimvadisi.com.tr\\\/en\\\/#\\\/schema\\\/logo\\\/image\\\/\",\"url\":\"https:\\\/\\\/bilisimvadisi.com.tr\\\/en\\\/wp-content\\\/uploads\\\/2022\\\/05\\\/BV_Logo_WS.png\",\"contentUrl\":\"https:\\\/\\\/bilisimvadisi.com.tr\\\/en\\\/wp-content\\\/uploads\\\/2022\\\/05\\\/BV_Logo_WS.png\",\"width\":1000,\"height\":250,\"caption\":\"Bili\u015fim Vadisi\"},\"image\":{\"@id\":\"https:\\\/\\\/bilisimvadisi.com.tr\\\/en\\\/#\\\/schema\\\/logo\\\/image\\\/\"},\"sameAs\":[\"https:\\\/\\\/x.com\\\/Bilisimvadisitr\",\"https:\\\/\\\/www.linkedin.com\\\/company\\\/bilisimvadisitr\\\/\",\"https:\\\/\\\/www.instagram.com\\\/bilisimvadisitr\\\/\",\"https:\\\/\\\/www.youtube.com\\\/channel\\\/UCsgrQQz_g-Xbx3z-XqWLcsA\"]}]}<\/script>\n<!-- \/ Yoast SEO plugin. -->","yoast_head_json":{"title":"Brands - Bili\u015fim Vadisi","robots":{"index":"index","follow":"follow","max-snippet":"max-snippet:-1","max-image-preview":"max-image-preview:large","max-video-preview":"max-video-preview:-1"},"canonical":"https:\/\/bilisimvadisi.com.tr\/en\/brands\/","og_locale":"en_US","og_type":"article","og_title":"Brands - Bili\u015fim Vadisi","og_url":"https:\/\/bilisimvadisi.com.tr\/en\/brands\/","og_site_name":"Bili\u015fim Vadisi","article_modified_time":"2022-06-27T11:10:33+00:00","twitter_card":"summary_large_image","twitter_site":"@Bilisimvadisitr","twitter_misc":{"Est. reading time":"12 minutes"},"schema":{"@context":"https:\/\/schema.org","@graph":[{"@type":"WebPage","@id":"https:\/\/bilisimvadisi.com.tr\/en\/brands\/","url":"https:\/\/bilisimvadisi.com.tr\/en\/brands\/","name":"Brands - Bili\u015fim Vadisi","isPartOf":{"@id":"https:\/\/bilisimvadisi.com.tr\/en\/#website"},"datePublished":"2022-05-14T16:26:06+00:00","dateModified":"2022-06-27T11:10:33+00:00","breadcrumb":{"@id":"https:\/\/bilisimvadisi.com.tr\/en\/brands\/#breadcrumb"},"inLanguage":"en-US","potentialAction":[{"@type":"ReadAction","target":["https:\/\/bilisimvadisi.com.tr\/en\/brands\/"]}]},{"@type":"BreadcrumbList","@id":"https:\/\/bilisimvadisi.com.tr\/en\/brands\/#breadcrumb","itemListElement":[{"@type":"ListItem","position":1,"name":"Anasayfa","item":"https:\/\/bilisimvadisi.com.tr\/en\/"},{"@type":"ListItem","position":2,"name":"Brands"}]},{"@type":"WebSite","@id":"https:\/\/bilisimvadisi.com.tr\/en\/#website","url":"https:\/\/bilisimvadisi.com.tr\/en\/","name":"Bili\u015fim Vadisi","description":"Technology Development Zone","publisher":{"@id":"https:\/\/bilisimvadisi.com.tr\/en\/#organization"},"potentialAction":[{"@type":"SearchAction","target":{"@type":"EntryPoint","urlTemplate":"https:\/\/bilisimvadisi.com.tr\/en\/?s={search_term_string}"},"query-input":{"@type":"PropertyValueSpecification","valueRequired":true,"valueName":"search_term_string"}}],"inLanguage":"en-US"},{"@type":"Organization","@id":"https:\/\/bilisimvadisi.com.tr\/en\/#organization","name":"Bili\u015fim Vadisi","url":"https:\/\/bilisimvadisi.com.tr\/en\/","logo":{"@type":"ImageObject","inLanguage":"en-US","@id":"https:\/\/bilisimvadisi.com.tr\/en\/#\/schema\/logo\/image\/","url":"https:\/\/bilisimvadisi.com.tr\/en\/wp-content\/uploads\/2022\/05\/BV_Logo_WS.png","contentUrl":"https:\/\/bilisimvadisi.com.tr\/en\/wp-content\/uploads\/2022\/05\/BV_Logo_WS.png","width":1000,"height":250,"caption":"Bili\u015fim Vadisi"},"image":{"@id":"https:\/\/bilisimvadisi.com.tr\/en\/#\/schema\/logo\/image\/"},"sameAs":["https:\/\/x.com\/Bilisimvadisitr","https:\/\/www.linkedin.com\/company\/bilisimvadisitr\/","https:\/\/www.instagram.com\/bilisimvadisitr\/","https:\/\/www.youtube.com\/channel\/UCsgrQQz_g-Xbx3z-XqWLcsA"]}]}},"_links":{"self":[{"href":"https:\/\/bilisimvadisi.com.tr\/en\/wp-json\/wp\/v2\/pages\/3893","targetHints":{"allow":["GET"]}}],"collection":[{"href":"https:\/\/bilisimvadisi.com.tr\/en\/wp-json\/wp\/v2\/pages"}],"about":[{"href":"https:\/\/bilisimvadisi.com.tr\/en\/wp-json\/wp\/v2\/types\/page"}],"author":[{"embeddable":true,"href":"https:\/\/bilisimvadisi.com.tr\/en\/wp-json\/wp\/v2\/users\/1"}],"replies":[{"embeddable":true,"href":"https:\/\/bilisimvadisi.com.tr\/en\/wp-json\/wp\/v2\/comments?post=3893"}],"version-history":[{"count":3,"href":"https:\/\/bilisimvadisi.com.tr\/en\/wp-json\/wp\/v2\/pages\/3893\/revisions"}],"predecessor-version":[{"id":4540,"href":"https:\/\/bilisimvadisi.com.tr\/en\/wp-json\/wp\/v2\/pages\/3893\/revisions\/4540"}],"wp:attachment":[{"href":"https:\/\/bilisimvadisi.com.tr\/en\/wp-json\/wp\/v2\/media?parent=3893"}],"curies":[{"name":"wp","href":"https:\/\/api.w.org\/{rel}","templated":true}]}}