{"id":6757,"date":"2024-11-05T08:29:55","date_gmt":"2024-11-05T05:29:55","guid":{"rendered":"https:\/\/bilisimvadisi.com.tr\/en\/?page_id=6757"},"modified":"2024-11-05T08:32:42","modified_gmt":"2024-11-05T05:32:42","slug":"tubitak-bigg-2","status":"publish","type":"page","link":"https:\/\/bilisimvadisi.com.tr\/en\/programs\/tubitak-bigg-2\/","title":{"rendered":"T\u00dcB\u0130TAK B\u0130GG+"},"content":{"rendered":"<p><div class=\"fusion-fullwidth fullwidth-box fusion-builder-row-1 fusion-flex-container nonhundred-percent-fullwidth non-hundred-percent-height-scrolling\" style=\"--awb-border-radius-top-left:0px;--awb-border-radius-top-right:0px;--awb-border-radius-bottom-right:0px;--awb-border-radius-bottom-left:0px;--awb-padding-bottom:0%;--awb-padding-bottom-small:30px;--awb-flex-wrap:wrap;\" ><div class=\"fusion-builder-row fusion-row fusion-flex-align-items-flex-start fusion-flex-content-wrap\" style=\"max-width:1320.8px;margin-left: calc(-4% \/ 2 );margin-right: calc(-4% \/ 2 );\"><div class=\"fusion-layout-column fusion_builder_column fusion-builder-column-0 fusion_builder_column_1_2 1_2 fusion-flex-column\" style=\"--awb-padding-top:40px;--awb-padding-bottom:30px;--awb-bg-size:cover;--awb-width-large:50%;--awb-margin-top-large:0px;--awb-spacing-right-large:7.68%;--awb-margin-bottom-large:25px;--awb-spacing-left-large:3.84%;--awb-width-medium:100%;--awb-spacing-right-medium:1.92%;--awb-margin-bottom-medium:0px;--awb-spacing-left-medium:1.92%;--awb-width-small:100%;--awb-spacing-right-small:1.92%;--awb-spacing-left-small:1.92%;\"><div class=\"fusion-column-wrapper fusion-column-has-shadow fusion-flex-justify-content-center fusion-content-layout-column\"><div class=\"fusion-title title fusion-title-1 fusion-sep-none fusion-title-text fusion-title-size-six\" style=\"--awb-margin-top:0px;--awb-margin-bottom:10px;--awb-margin-top-small:8px;--awb-margin-right-small:0px;--awb-margin-bottom-small:10px;--awb-margin-left-small:0px;\"><h6 class=\"fusion-title-heading title-heading-left md-text-align-center sm-text-align-center fusion-responsive-typography-calculated\" style=\"margin:0;--fontSize:14;--minFontSize:14;line-height:1.8;\">Bili\u015fim Vadisi<\/h6><\/div><div class=\"fusion-title title fusion-title-2 fusion-sep-none fusion-title-text fusion-title-size-two\" style=\"--awb-margin-bottom:32px;--awb-margin-top-small:8px;--awb-margin-right-small:0px;--awb-margin-bottom-small:16px;--awb-margin-left-small:0px;--awb-margin-bottom-medium:20px;\"><h2 class=\"fusion-title-heading title-heading-left md-text-align-center sm-text-align-center fusion-responsive-typography-calculated\" style=\"margin:0;--fontSize:44;line-height:1.4;\">T\u00dcB\u0130TAK B\u0130GG+<\/h2><\/div><div class=\"fusion-title title fusion-title-3 fusion-sep-none fusion-title-text fusion-title-size-five\" style=\"--awb-text-color:var(--awb-color2);--awb-margin-bottom:32px;--awb-margin-top-small:8px;--awb-margin-right-small:0px;--awb-margin-bottom-small:16px;--awb-margin-left-small:0px;--awb-margin-bottom-medium:20px;\"><h5 class=\"fusion-title-heading title-heading-left md-text-align-center sm-text-align-center fusion-responsive-typography-calculated\" style=\"margin:0;--fontSize:18;--minFontSize:18;line-height:1.4;\">Mentorship Support for 40 SMEs with B\u0130GG+ from Bili\u015fim Vadisi!<\/h5><\/div><div class=\"fusion-text fusion-text-1 md-text-align-center sm-text-align-center\"><p>Bili\u015fim Vadisi provides mentorship support to 40 Small Medium Enterprises (SMEs) for 30 months as part of the T\u00dcB\u0130TAK SME Mentor Interface (B\u0130GG+) Call. This support aims to enhance the commercial maturity level, R&amp;D, and innovation capacity of SMEs.<\/p>\n<p>The mentorship support offered to SMEs benefiting from T\u00dcB\u0130TAK&#8217;s R&amp;D and innovation funding helps increase their competitiveness, efficiency, capacity to commercialize products and services, as well as their growth and institutionalization levels.<\/p>\n<\/div><\/div><\/div><div class=\"fusion-layout-column fusion_builder_column fusion-builder-column-1 fusion_builder_column_1_2 1_2 fusion-flex-column\" style=\"--awb-padding-top:40px;--awb-padding-bottom:30px;--awb-bg-size:cover;--awb-width-large:50%;--awb-margin-top-large:0px;--awb-spacing-right-large:3.84%;--awb-margin-bottom-large:25px;--awb-spacing-left-large:7.68%;--awb-width-medium:100%;--awb-spacing-right-medium:1.92%;--awb-margin-bottom-medium:0px;--awb-spacing-left-medium:1.92%;--awb-width-small:100%;--awb-spacing-right-small:1.92%;--awb-spacing-left-small:1.92%;\"><div class=\"fusion-column-wrapper fusion-column-has-shadow fusion-flex-justify-content-center fusion-content-layout-column\"><div class=\"fusion-image-element \" style=\"--awb-caption-title-font-family:var(--h2_typography-font-family);--awb-caption-title-font-weight:var(--h2_typography-font-weight);--awb-caption-title-font-style:var(--h2_typography-font-style);--awb-caption-title-size:var(--h2_typography-font-size);--awb-caption-title-transform:var(--h2_typography-text-transform);--awb-caption-title-line-height:var(--h2_typography-line-height);--awb-caption-title-letter-spacing:var(--h2_typography-letter-spacing);\"><span class=\" fusion-imageframe imageframe-none imageframe-1 hover-type-none\" style=\"border-radius:10px;\"><img decoding=\"async\" src=\"data:image\/gif;base64,R0lGODlhAQABAAAAACH5BAEKAAEALAAAAAABAAEAAAICTAEAOw==\" data-orig-src=\"https:\/\/bilisimvadisi.com.tr\/wp-content\/uploads\/2024\/09\/Tubitak_BIGG_Plus_1920x1080.webp\" alt class=\"lazyload img-responsive\"\/><\/span><\/div><\/div><\/div><\/div><\/div><div class=\"fusion-fullwidth fullwidth-box fusion-builder-row-2 fusion-flex-container nonhundred-percent-fullwidth non-hundred-percent-height-scrolling\" style=\"--awb-border-radius-top-left:0px;--awb-border-radius-top-right:0px;--awb-border-radius-bottom-right:0px;--awb-border-radius-bottom-left:0px;--awb-padding-bottom-small:30px;--awb-flex-wrap:wrap;\" ><div class=\"fusion-builder-row fusion-row fusion-flex-align-items-stretch fusion-flex-content-wrap\" style=\"max-width:1320.8px;margin-left: calc(-4% \/ 2 );margin-right: calc(-4% \/ 2 );\"><div class=\"fusion-layout-column fusion_builder_column fusion-builder-column-2 fusion_builder_column_1_2 1_2 fusion-flex-column fusion-no-small-visibility fusion-no-medium-visibility\" style=\"--awb-padding-top:40px;--awb-padding-bottom:30px;--awb-bg-size:cover;--awb-width-large:50%;--awb-margin-top-large:0px;--awb-spacing-right-large:7.68%;--awb-margin-bottom-large:25px;--awb-spacing-left-large:3.84%;--awb-width-medium:100%;--awb-spacing-right-medium:1.92%;--awb-margin-bottom-medium:0px;--awb-spacing-left-medium:1.92%;--awb-width-small:100%;--awb-spacing-right-small:1.92%;--awb-spacing-left-small:1.92%;\"><div class=\"fusion-column-wrapper lazyload fusion-column-has-shadow fusion-flex-justify-content-center fusion-content-layout-column fusion-empty-column-bg-image fusion-column-has-bg-image\" data-bg-url=\"https:\/\/bilisimvadisi.com.tr\/wp-content\/uploads\/2024\/08\/tubitak-bigg_001.webp\" data-bg=\"https:\/\/bilisimvadisi.com.tr\/wp-content\/uploads\/2024\/08\/tubitak-bigg_001.webp\"><img decoding=\"async\" class=\"fusion-empty-dims-img-placeholder fusion-no-large-visibility\" aria-label=\"B-Stars Artificial Intelligence Acceleration Program\" src=\"data:image\/gif;base64,R0lGODlhAQABAAAAACH5BAEKAAEALAAAAAABAAEAAAICTAEAOw==\"><\/div><\/div><div class=\"fusion-layout-column fusion_builder_column fusion-builder-column-3 fusion_builder_column_1_2 1_2 fusion-flex-column\" style=\"--awb-padding-top:40px;--awb-padding-right:40px;--awb-padding-bottom:40px;--awb-padding-left:40px;--awb-overflow:hidden;--awb-bg-color:hsla(var(--awb-color4-h),var(--awb-color4-s),var(--awb-color4-l),calc(var(--awb-color4-a) - 90%));--awb-bg-color-hover:hsla(var(--awb-color4-h),var(--awb-color4-s),var(--awb-color4-l),calc(var(--awb-color4-a) - 90%));--awb-bg-size:cover;--awb-border-radius:10px 10px 10px 10px;--awb-width-large:50%;--awb-margin-top-large:0px;--awb-spacing-right-large:3.84%;--awb-margin-bottom-large:25px;--awb-spacing-left-large:7.68%;--awb-width-medium:100%;--awb-spacing-right-medium:1.92%;--awb-margin-bottom-medium:0px;--awb-spacing-left-medium:1.92%;--awb-width-small:100%;--awb-spacing-right-small:1.92%;--awb-spacing-left-small:1.92%;\"><div class=\"fusion-column-wrapper fusion-column-has-shadow fusion-flex-justify-content-center fusion-content-layout-column\"><div class=\"fusion-title title fusion-title-4 fusion-sep-none fusion-title-text fusion-title-size-four\" style=\"--awb-text-color:var(--awb-color2);--awb-margin-top-small:8px;--awb-margin-right-small:0px;--awb-margin-bottom-small:16px;--awb-margin-left-small:0px;--awb-margin-bottom-medium:20px;\"><h4 class=\"fusion-title-heading title-heading-left md-text-align-center sm-text-align-center fusion-responsive-typography-calculated\" style=\"margin:0;--fontSize:22;line-height:1.4;\">Application Conditions for SMEs<\/h4><\/div><div class=\"fusion-text fusion-text-2 md-text-align-center sm-text-align-center\"><p>SMEs wishing to benefit from mentorship support must have previously received support under T\u00dcB\u0130TAK TEYDEB programs, and the contract date of their most recently supported project must be January 1, 2012, or later.<\/p>\n<\/div><\/div><\/div><\/div><\/div><\/p>\n","protected":false},"excerpt":{"rendered":"","protected":false},"author":1,"featured_media":6425,"parent":6748,"menu_order":0,"comment_status":"closed","ping_status":"closed","template":"100-width.php","meta":{"footnotes":""},"class_list":["post-6757","page","type-page","status-publish","has-post-thumbnail","hentry"],"yoast_head":"<!-- This site is optimized with the Yoast SEO plugin v27.4 - https:\/\/yoast.com\/product\/yoast-seo-wordpress\/ -->\n<title>T\u00dcB\u0130TAK B\u0130GG+ - Bili\u015fim Vadisi<\/title>\n<meta name=\"robots\" content=\"index, follow, max-snippet:-1, max-image-preview:large, max-video-preview:-1\" \/>\n<link rel=\"canonical\" href=\"https:\/\/bilisimvadisi.com.tr\/en\/programs\/tubitak-bigg-2\/\" \/>\n<meta property=\"og:locale\" content=\"en_US\" \/>\n<meta property=\"og:type\" content=\"article\" \/>\n<meta property=\"og:title\" content=\"T\u00dcB\u0130TAK B\u0130GG+ - Bili\u015fim Vadisi\" \/>\n<meta property=\"og:url\" content=\"https:\/\/bilisimvadisi.com.tr\/en\/programs\/tubitak-bigg-2\/\" \/>\n<meta property=\"og:site_name\" content=\"Bili\u015fim Vadisi\" \/>\n<meta property=\"article:modified_time\" content=\"2024-11-05T05:32:42+00:00\" \/>\n<meta property=\"og:image\" content=\"https:\/\/bilisimvadisi.com.tr\/en\/wp-content\/uploads\/2024\/08\/BV_NG_0011.webp\" \/>\n\t<meta property=\"og:image:width\" content=\"1920\" \/>\n\t<meta property=\"og:image:height\" content=\"1080\" \/>\n\t<meta property=\"og:image:type\" content=\"image\/webp\" \/>\n<meta name=\"twitter:card\" content=\"summary_large_image\" \/>\n<meta name=\"twitter:site\" content=\"@Bilisimvadisitr\" \/>\n<meta name=\"twitter:label1\" content=\"Est. reading time\" \/>\n\t<meta name=\"twitter:data1\" content=\"2 minutes\" \/>\n<script type=\"application\/ld+json\" class=\"yoast-schema-graph\">{\"@context\":\"https:\\\/\\\/schema.org\",\"@graph\":[{\"@type\":\"WebPage\",\"@id\":\"https:\\\/\\\/bilisimvadisi.com.tr\\\/en\\\/programs\\\/tubitak-bigg-2\\\/\",\"url\":\"https:\\\/\\\/bilisimvadisi.com.tr\\\/en\\\/programs\\\/tubitak-bigg-2\\\/\",\"name\":\"T\u00dcB\u0130TAK B\u0130GG+ - Bili\u015fim Vadisi\",\"isPartOf\":{\"@id\":\"https:\\\/\\\/bilisimvadisi.com.tr\\\/en\\\/#website\"},\"primaryImageOfPage\":{\"@id\":\"https:\\\/\\\/bilisimvadisi.com.tr\\\/en\\\/programs\\\/tubitak-bigg-2\\\/#primaryimage\"},\"image\":{\"@id\":\"https:\\\/\\\/bilisimvadisi.com.tr\\\/en\\\/programs\\\/tubitak-bigg-2\\\/#primaryimage\"},\"thumbnailUrl\":\"https:\\\/\\\/bilisimvadisi.com.tr\\\/en\\\/wp-content\\\/uploads\\\/2024\\\/08\\\/BV_NG_0011.webp\",\"datePublished\":\"2024-11-05T05:29:55+00:00\",\"dateModified\":\"2024-11-05T05:32:42+00:00\",\"breadcrumb\":{\"@id\":\"https:\\\/\\\/bilisimvadisi.com.tr\\\/en\\\/programs\\\/tubitak-bigg-2\\\/#breadcrumb\"},\"inLanguage\":\"en-US\",\"potentialAction\":[{\"@type\":\"ReadAction\",\"target\":[\"https:\\\/\\\/bilisimvadisi.com.tr\\\/en\\\/programs\\\/tubitak-bigg-2\\\/\"]}]},{\"@type\":\"ImageObject\",\"inLanguage\":\"en-US\",\"@id\":\"https:\\\/\\\/bilisimvadisi.com.tr\\\/en\\\/programs\\\/tubitak-bigg-2\\\/#primaryimage\",\"url\":\"https:\\\/\\\/bilisimvadisi.com.tr\\\/en\\\/wp-content\\\/uploads\\\/2024\\\/08\\\/BV_NG_0011.webp\",\"contentUrl\":\"https:\\\/\\\/bilisimvadisi.com.tr\\\/en\\\/wp-content\\\/uploads\\\/2024\\\/08\\\/BV_NG_0011.webp\",\"width\":1920,\"height\":1080},{\"@type\":\"BreadcrumbList\",\"@id\":\"https:\\\/\\\/bilisimvadisi.com.tr\\\/en\\\/programs\\\/tubitak-bigg-2\\\/#breadcrumb\",\"itemListElement\":[{\"@type\":\"ListItem\",\"position\":1,\"name\":\"Anasayfa\",\"item\":\"https:\\\/\\\/bilisimvadisi.com.tr\\\/en\\\/\"},{\"@type\":\"ListItem\",\"position\":2,\"name\":\"Programs\",\"item\":\"https:\\\/\\\/bilisimvadisi.com.tr\\\/en\\\/programs\\\/\"},{\"@type\":\"ListItem\",\"position\":3,\"name\":\"T\u00dcB\u0130TAK B\u0130GG+\"}]},{\"@type\":\"WebSite\",\"@id\":\"https:\\\/\\\/bilisimvadisi.com.tr\\\/en\\\/#website\",\"url\":\"https:\\\/\\\/bilisimvadisi.com.tr\\\/en\\\/\",\"name\":\"Bili\u015fim Vadisi\",\"description\":\"Technology Development Zone\",\"publisher\":{\"@id\":\"https:\\\/\\\/bilisimvadisi.com.tr\\\/en\\\/#organization\"},\"potentialAction\":[{\"@type\":\"SearchAction\",\"target\":{\"@type\":\"EntryPoint\",\"urlTemplate\":\"https:\\\/\\\/bilisimvadisi.com.tr\\\/en\\\/?s={search_term_string}\"},\"query-input\":{\"@type\":\"PropertyValueSpecification\",\"valueRequired\":true,\"valueName\":\"search_term_string\"}}],\"inLanguage\":\"en-US\"},{\"@type\":\"Organization\",\"@id\":\"https:\\\/\\\/bilisimvadisi.com.tr\\\/en\\\/#organization\",\"name\":\"Bili\u015fim Vadisi\",\"url\":\"https:\\\/\\\/bilisimvadisi.com.tr\\\/en\\\/\",\"logo\":{\"@type\":\"ImageObject\",\"inLanguage\":\"en-US\",\"@id\":\"https:\\\/\\\/bilisimvadisi.com.tr\\\/en\\\/#\\\/schema\\\/logo\\\/image\\\/\",\"url\":\"https:\\\/\\\/bilisimvadisi.com.tr\\\/en\\\/wp-content\\\/uploads\\\/2022\\\/05\\\/BV_Logo_WS.png\",\"contentUrl\":\"https:\\\/\\\/bilisimvadisi.com.tr\\\/en\\\/wp-content\\\/uploads\\\/2022\\\/05\\\/BV_Logo_WS.png\",\"width\":1000,\"height\":250,\"caption\":\"Bili\u015fim Vadisi\"},\"image\":{\"@id\":\"https:\\\/\\\/bilisimvadisi.com.tr\\\/en\\\/#\\\/schema\\\/logo\\\/image\\\/\"},\"sameAs\":[\"https:\\\/\\\/x.com\\\/Bilisimvadisitr\",\"https:\\\/\\\/www.linkedin.com\\\/company\\\/bilisimvadisitr\\\/\",\"https:\\\/\\\/www.instagram.com\\\/bilisimvadisitr\\\/\",\"https:\\\/\\\/www.youtube.com\\\/channel\\\/UCsgrQQz_g-Xbx3z-XqWLcsA\"]}]}<\/script>\n<!-- \/ Yoast SEO plugin. -->","yoast_head_json":{"title":"T\u00dcB\u0130TAK B\u0130GG+ - Bili\u015fim Vadisi","robots":{"index":"index","follow":"follow","max-snippet":"max-snippet:-1","max-image-preview":"max-image-preview:large","max-video-preview":"max-video-preview:-1"},"canonical":"https:\/\/bilisimvadisi.com.tr\/en\/programs\/tubitak-bigg-2\/","og_locale":"en_US","og_type":"article","og_title":"T\u00dcB\u0130TAK B\u0130GG+ - Bili\u015fim Vadisi","og_url":"https:\/\/bilisimvadisi.com.tr\/en\/programs\/tubitak-bigg-2\/","og_site_name":"Bili\u015fim Vadisi","article_modified_time":"2024-11-05T05:32:42+00:00","og_image":[{"width":1920,"height":1080,"url":"https:\/\/bilisimvadisi.com.tr\/en\/wp-content\/uploads\/2024\/08\/BV_NG_0011.webp","type":"image\/webp"}],"twitter_card":"summary_large_image","twitter_site":"@Bilisimvadisitr","twitter_misc":{"Est. reading time":"2 minutes"},"schema":{"@context":"https:\/\/schema.org","@graph":[{"@type":"WebPage","@id":"https:\/\/bilisimvadisi.com.tr\/en\/programs\/tubitak-bigg-2\/","url":"https:\/\/bilisimvadisi.com.tr\/en\/programs\/tubitak-bigg-2\/","name":"T\u00dcB\u0130TAK B\u0130GG+ - Bili\u015fim Vadisi","isPartOf":{"@id":"https:\/\/bilisimvadisi.com.tr\/en\/#website"},"primaryImageOfPage":{"@id":"https:\/\/bilisimvadisi.com.tr\/en\/programs\/tubitak-bigg-2\/#primaryimage"},"image":{"@id":"https:\/\/bilisimvadisi.com.tr\/en\/programs\/tubitak-bigg-2\/#primaryimage"},"thumbnailUrl":"https:\/\/bilisimvadisi.com.tr\/en\/wp-content\/uploads\/2024\/08\/BV_NG_0011.webp","datePublished":"2024-11-05T05:29:55+00:00","dateModified":"2024-11-05T05:32:42+00:00","breadcrumb":{"@id":"https:\/\/bilisimvadisi.com.tr\/en\/programs\/tubitak-bigg-2\/#breadcrumb"},"inLanguage":"en-US","potentialAction":[{"@type":"ReadAction","target":["https:\/\/bilisimvadisi.com.tr\/en\/programs\/tubitak-bigg-2\/"]}]},{"@type":"ImageObject","inLanguage":"en-US","@id":"https:\/\/bilisimvadisi.com.tr\/en\/programs\/tubitak-bigg-2\/#primaryimage","url":"https:\/\/bilisimvadisi.com.tr\/en\/wp-content\/uploads\/2024\/08\/BV_NG_0011.webp","contentUrl":"https:\/\/bilisimvadisi.com.tr\/en\/wp-content\/uploads\/2024\/08\/BV_NG_0011.webp","width":1920,"height":1080},{"@type":"BreadcrumbList","@id":"https:\/\/bilisimvadisi.com.tr\/en\/programs\/tubitak-bigg-2\/#breadcrumb","itemListElement":[{"@type":"ListItem","position":1,"name":"Anasayfa","item":"https:\/\/bilisimvadisi.com.tr\/en\/"},{"@type":"ListItem","position":2,"name":"Programs","item":"https:\/\/bilisimvadisi.com.tr\/en\/programs\/"},{"@type":"ListItem","position":3,"name":"T\u00dcB\u0130TAK B\u0130GG+"}]},{"@type":"WebSite","@id":"https:\/\/bilisimvadisi.com.tr\/en\/#website","url":"https:\/\/bilisimvadisi.com.tr\/en\/","name":"Bili\u015fim Vadisi","description":"Technology Development Zone","publisher":{"@id":"https:\/\/bilisimvadisi.com.tr\/en\/#organization"},"potentialAction":[{"@type":"SearchAction","target":{"@type":"EntryPoint","urlTemplate":"https:\/\/bilisimvadisi.com.tr\/en\/?s={search_term_string}"},"query-input":{"@type":"PropertyValueSpecification","valueRequired":true,"valueName":"search_term_string"}}],"inLanguage":"en-US"},{"@type":"Organization","@id":"https:\/\/bilisimvadisi.com.tr\/en\/#organization","name":"Bili\u015fim Vadisi","url":"https:\/\/bilisimvadisi.com.tr\/en\/","logo":{"@type":"ImageObject","inLanguage":"en-US","@id":"https:\/\/bilisimvadisi.com.tr\/en\/#\/schema\/logo\/image\/","url":"https:\/\/bilisimvadisi.com.tr\/en\/wp-content\/uploads\/2022\/05\/BV_Logo_WS.png","contentUrl":"https:\/\/bilisimvadisi.com.tr\/en\/wp-content\/uploads\/2022\/05\/BV_Logo_WS.png","width":1000,"height":250,"caption":"Bili\u015fim Vadisi"},"image":{"@id":"https:\/\/bilisimvadisi.com.tr\/en\/#\/schema\/logo\/image\/"},"sameAs":["https:\/\/x.com\/Bilisimvadisitr","https:\/\/www.linkedin.com\/company\/bilisimvadisitr\/","https:\/\/www.instagram.com\/bilisimvadisitr\/","https:\/\/www.youtube.com\/channel\/UCsgrQQz_g-Xbx3z-XqWLcsA"]}]}},"_links":{"self":[{"href":"https:\/\/bilisimvadisi.com.tr\/en\/wp-json\/wp\/v2\/pages\/6757","targetHints":{"allow":["GET"]}}],"collection":[{"href":"https:\/\/bilisimvadisi.com.tr\/en\/wp-json\/wp\/v2\/pages"}],"about":[{"href":"https:\/\/bilisimvadisi.com.tr\/en\/wp-json\/wp\/v2\/types\/page"}],"author":[{"embeddable":true,"href":"https:\/\/bilisimvadisi.com.tr\/en\/wp-json\/wp\/v2\/users\/1"}],"replies":[{"embeddable":true,"href":"https:\/\/bilisimvadisi.com.tr\/en\/wp-json\/wp\/v2\/comments?post=6757"}],"version-history":[{"count":2,"href":"https:\/\/bilisimvadisi.com.tr\/en\/wp-json\/wp\/v2\/pages\/6757\/revisions"}],"predecessor-version":[{"id":6760,"href":"https:\/\/bilisimvadisi.com.tr\/en\/wp-json\/wp\/v2\/pages\/6757\/revisions\/6760"}],"up":[{"embeddable":true,"href":"https:\/\/bilisimvadisi.com.tr\/en\/wp-json\/wp\/v2\/pages\/6748"}],"wp:featuredmedia":[{"embeddable":true,"href":"https:\/\/bilisimvadisi.com.tr\/en\/wp-json\/wp\/v2\/media\/6425"}],"wp:attachment":[{"href":"https:\/\/bilisimvadisi.com.tr\/en\/wp-json\/wp\/v2\/media?parent=6757"}],"curies":[{"name":"wp","href":"https:\/\/api.w.org\/{rel}","templated":true}]}}