{"id":6761,"date":"2024-11-05T08:36:20","date_gmt":"2024-11-05T05:36:20","guid":{"rendered":"https:\/\/bilisimvadisi.com.tr\/en\/?page_id=6761"},"modified":"2024-11-05T08:47:11","modified_gmt":"2024-11-05T05:47:11","slug":"pre-incubation-program","status":"publish","type":"page","link":"https:\/\/bilisimvadisi.com.tr\/en\/programs\/pre-incubation-program\/","title":{"rendered":"Pre-Incubation Program"},"content":{"rendered":"<p><div class=\"fusion-fullwidth fullwidth-box fusion-builder-row-1 fusion-flex-container nonhundred-percent-fullwidth non-hundred-percent-height-scrolling\" style=\"--awb-border-radius-top-left:0px;--awb-border-radius-top-right:0px;--awb-border-radius-bottom-right:0px;--awb-border-radius-bottom-left:0px;--awb-padding-bottom:0%;--awb-padding-bottom-small:30px;--awb-flex-wrap:wrap;\" ><div class=\"fusion-builder-row fusion-row fusion-flex-align-items-flex-start fusion-flex-content-wrap\" style=\"max-width:1320.8px;margin-left: calc(-4% \/ 2 );margin-right: calc(-4% \/ 2 );\"><div class=\"fusion-layout-column fusion_builder_column fusion-builder-column-0 fusion_builder_column_1_1 1_1 fusion-flex-column\" style=\"--awb-padding-top:40px;--awb-padding-bottom:30px;--awb-bg-size:cover;--awb-width-large:100%;--awb-margin-top-large:0px;--awb-spacing-right-large:1.92%;--awb-margin-bottom-large:25px;--awb-spacing-left-large:1.92%;--awb-width-medium:100%;--awb-spacing-right-medium:1.92%;--awb-margin-bottom-medium:0px;--awb-spacing-left-medium:1.92%;--awb-width-small:100%;--awb-spacing-right-small:1.92%;--awb-spacing-left-small:1.92%;\"><div class=\"fusion-column-wrapper fusion-column-has-shadow fusion-flex-justify-content-center fusion-content-layout-column\"><div class=\"fusion-title title fusion-title-1 fusion-sep-none fusion-title-text fusion-title-size-six\" style=\"--awb-margin-top:0px;--awb-margin-bottom:10px;--awb-margin-top-small:8px;--awb-margin-right-small:0px;--awb-margin-bottom-small:10px;--awb-margin-left-small:0px;\"><h6 class=\"fusion-title-heading title-heading-left md-text-align-center sm-text-align-center fusion-responsive-typography-calculated\" style=\"margin:0;--fontSize:14;--minFontSize:14;line-height:1.8;\">Bili\u015fim Vadisi<\/h6><\/div><div class=\"fusion-title title fusion-title-2 fusion-sep-none fusion-title-text fusion-title-size-two\" style=\"--awb-margin-bottom:32px;--awb-margin-top-small:8px;--awb-margin-right-small:0px;--awb-margin-bottom-small:16px;--awb-margin-left-small:0px;--awb-margin-bottom-medium:20px;\"><h2 class=\"fusion-title-heading title-heading-left md-text-align-center sm-text-align-center fusion-responsive-typography-calculated\" style=\"margin:0;--fontSize:44;line-height:1.4;\">Pre-Incubation Program<\/h2><\/div><div class=\"fusion-text fusion-text-1 md-text-align-left sm-text-align-left awb-text-cols fusion-text-columns-2\" style=\"--awb-columns:2;--awb-column-spacing:2em;--awb-column-min-width:100px;\"><p>The Bili\u015fim Vadisi Pre-Incubation Program is designed to help entrepreneurs for advence their business ideas, develop their projects, and receive support in the preparation phase for commercialization. This program targets entrepreneurs who are still at the idea stage or in the early stages of development, providing them with the essential knowledge, skills, and resources they need. Companies that have not yet been established can participate in the Pre-Incubation Program for up to 6 months until they set up their company.<\/p>\n<\/div><div class=\"fusion-title title fusion-title-3 fusion-sep-none fusion-title-text fusion-title-size-four\" style=\"--awb-text-color:var(--awb-color2);--awb-margin-top:32px;--awb-margin-top-small:8px;--awb-margin-right-small:0px;--awb-margin-bottom-small:16px;--awb-margin-left-small:0px;--awb-margin-bottom-medium:20px;\"><h4 class=\"fusion-title-heading title-heading-left md-text-align-center sm-text-align-center fusion-responsive-typography-calculated\" style=\"margin:0;--fontSize:22;line-height:1.4;\">Opportunities and Advantages<\/h4><\/div><div class=\"fusion-text fusion-text-2 md-text-align-left sm-text-align-left awb-text-cols fusion-text-columns-2\" style=\"--awb-columns:2;--awb-column-spacing:2em;--awb-column-min-width:100px;\"><ul>\n<li><strong>Office Space and Infrastructure Support:<\/strong> Entrepreneurs are provided with suitable workspaces and technical infrastructure.<\/li>\n<li><strong>Training:<\/strong> Training sessions are offered based on the technology readiness levels that a venture may need, ranging from basic to advanced stages of the entrepreneurial journey.<\/li>\n<li><strong>Mentorship:<\/strong> Pre-incubation ventures can receive support from Bili\u015fim Vadisi mentors. Experienced mentors guides entrepreneurs, providing them with direction for the development of their ventures.<\/li>\n<li><strong>Networking:<\/strong> Entrepreneurs have the opportunity to meet and collaborate with investors, business professionals, and other entrepreneurs.<\/li>\n<li><strong>Investment and Government Support:<\/strong> The goal is for pre-incubation ventures to grow with investment support within Bili\u015fim Vadisi. In this context, experts provide consultancy to help them apply for public\/government grants and support.<\/li>\n<\/ul>\n<p>Companies that complete 6 months in the Pre-Incubation Program or finish their project within 6 months graduate from the Pre-Incubation Program and transition to the Incubation Program.<\/p>\n<\/div><\/div><\/div><\/div><\/div><div class=\"fusion-fullwidth fullwidth-box fusion-builder-row-2 fusion-flex-container nonhundred-percent-fullwidth non-hundred-percent-height-scrolling\" style=\"--awb-border-radius-top-left:0px;--awb-border-radius-top-right:0px;--awb-border-radius-bottom-right:0px;--awb-border-radius-bottom-left:0px;--awb-padding-bottom-small:30px;--awb-background-color:var(--awb-color8);--awb-flex-wrap:wrap;\" ><div class=\"fusion-builder-row fusion-row fusion-flex-align-items-flex-start fusion-flex-content-wrap\" style=\"max-width:1320.8px;margin-left: calc(-4% \/ 2 );margin-right: calc(-4% \/ 2 );\"><div class=\"fusion-layout-column fusion_builder_column fusion-builder-column-1 fusion_builder_column_1_1 1_1 fusion-flex-column fusion-flex-align-self-center\" style=\"--awb-bg-size:cover;--awb-width-large:100%;--awb-margin-top-large:0px;--awb-spacing-right-large:1.92%;--awb-margin-bottom-large:0px;--awb-spacing-left-large:1.92%;--awb-width-medium:100%;--awb-spacing-right-medium:1.92%;--awb-margin-bottom-medium:0px;--awb-spacing-left-medium:1.92%;--awb-width-small:100%;--awb-spacing-right-small:1.92%;--awb-spacing-left-small:1.92%;\"><div class=\"fusion-column-wrapper fusion-column-has-shadow fusion-flex-justify-content-center fusion-content-layout-column\"><div class=\"fusion-title title fusion-title-4 fusion-sep-none fusion-title-text fusion-title-size-four\" style=\"--awb-margin-top:0px;--awb-margin-bottom:0px;--awb-margin-top-small:8px;--awb-margin-right-small:0px;--awb-margin-bottom-small:16px;--awb-margin-left-small:0px;--awb-margin-bottom-medium:20px;\"><h4 class=\"fusion-title-heading title-heading-left md-text-align-center sm-text-align-center fusion-responsive-typography-calculated\" style=\"margin:0;--fontSize:22;line-height:1.4;\">Roadmap for Bili\u015fim Vadisi Incubation Companies<\/h4><\/div><\/div><\/div><div class=\"fusion-layout-column fusion_builder_column fusion-builder-column-2 fusion_builder_column_1_1 1_1 fusion-flex-column fusion-flex-align-self-stretch\" style=\"--awb-bg-size:cover;--awb-width-large:100%;--awb-margin-top-large:25px;--awb-spacing-right-large:1.92%;--awb-margin-bottom-large:25px;--awb-spacing-left-large:1.92%;--awb-width-medium:100%;--awb-order-medium:0;--awb-spacing-right-medium:1.92%;--awb-spacing-left-medium:1.92%;--awb-width-small:100%;--awb-order-small:0;--awb-spacing-right-small:1.92%;--awb-spacing-left-small:1.92%;\"><div class=\"fusion-column-wrapper fusion-column-has-shadow fusion-flex-justify-content-center fusion-content-layout-column\"><div class=\"fusion-builder-row fusion-builder-row-inner fusion-row fusion-flex-align-items-flex-start fusion-flex-content-wrap\" style=\"--awb-flex-grow:0;--awb-flex-grow-medium:0;--awb-flex-grow-small:0;--awb-flex-shrink:0;--awb-flex-shrink-medium:0;--awb-flex-shrink-small:0;width:104% !important;max-width:104% !important;margin-left: calc(-4% \/ 2 );margin-right: calc(-4% \/ 2 );\"><div class=\"fusion-layout-column fusion_builder_column_inner fusion-builder-nested-column-0 fusion_builder_column_inner_1_6 1_6 fusion-flex-column fusion-flex-align-self-stretch\" style=\"--awb-padding-top:20px;--awb-padding-right:10px;--awb-padding-bottom:10px;--awb-padding-left:10px;--awb-overflow:hidden;--awb-bg-color:hsla(var(--awb-color2-h),var(--awb-color2-s),var(--awb-color2-l),calc(var(--awb-color2-a) - 50%));--awb-bg-color-hover:hsla(var(--awb-color2-h),var(--awb-color2-s),var(--awb-color2-l),calc(var(--awb-color2-a) - 50%));--awb-bg-size:cover;--awb-border-radius:10px 10px 10px 10px;--awb-width-large:16.666666666667%;--awb-margin-top-large:25px;--awb-spacing-right-large:11.52%;--awb-margin-bottom-large:25px;--awb-spacing-left-large:11.52%;--awb-width-medium:100%;--awb-order-medium:0;--awb-spacing-right-medium:1.92%;--awb-spacing-left-medium:1.92%;--awb-width-small:100%;--awb-order-small:0;--awb-spacing-right-small:1.92%;--awb-spacing-left-small:1.92%;\"><div class=\"fusion-column-wrapper fusion-column-has-shadow fusion-flex-justify-content-flex-start fusion-content-layout-column\"><div class=\"fusion-text fusion-text-3 fusion-text-no-margin\" style=\"--awb-content-alignment:center;--awb-margin-top:0px;--awb-margin-right:0px;--awb-margin-bottom:0px;--awb-margin-left:0px;\"><p><strong><b>Bili\u015fim Vadisi Ba\u015fvursu<\/b><\/strong><\/p>\n<\/div><\/div><\/div><div class=\"fusion-layout-column fusion_builder_column_inner fusion-builder-nested-column-1 fusion_builder_column_inner_1_6 1_6 fusion-flex-column fusion-flex-align-self-stretch\" style=\"--awb-padding-top:20px;--awb-padding-right:10px;--awb-padding-bottom:10px;--awb-padding-left:10px;--awb-overflow:hidden;--awb-bg-color:hsla(var(--awb-color2-h),var(--awb-color2-s),var(--awb-color2-l),calc(var(--awb-color2-a) - 40%));--awb-bg-color-hover:hsla(var(--awb-color2-h),var(--awb-color2-s),var(--awb-color2-l),calc(var(--awb-color2-a) - 40%));--awb-bg-size:cover;--awb-border-radius:10px 10px 10px 10px;--awb-width-large:16.666666666667%;--awb-margin-top-large:25px;--awb-spacing-right-large:11.52%;--awb-margin-bottom-large:25px;--awb-spacing-left-large:11.52%;--awb-width-medium:100%;--awb-order-medium:0;--awb-spacing-right-medium:1.92%;--awb-spacing-left-medium:1.92%;--awb-width-small:100%;--awb-order-small:0;--awb-spacing-right-small:1.92%;--awb-spacing-left-small:1.92%;\"><div class=\"fusion-column-wrapper fusion-column-has-shadow fusion-flex-justify-content-flex-start fusion-content-layout-column\"><div class=\"fusion-text fusion-text-4 fusion-text-no-margin\" style=\"--awb-content-alignment:center;--awb-margin-top:0px;--awb-margin-right:0px;--awb-margin-bottom:0px;--awb-margin-left:0px;\"><p><strong><b>\u00d6n Kulu\u00e7ka De\u011ferlendirmesi<\/b><\/strong><\/p>\n<\/div><\/div><\/div><div class=\"fusion-layout-column fusion_builder_column_inner fusion-builder-nested-column-2 fusion_builder_column_inner_1_6 1_6 fusion-flex-column fusion-flex-align-self-stretch\" style=\"--awb-padding-top:20px;--awb-padding-right:10px;--awb-padding-bottom:10px;--awb-padding-left:10px;--awb-overflow:hidden;--awb-bg-color:hsla(var(--awb-color2-h),var(--awb-color2-s),var(--awb-color2-l),calc(var(--awb-color2-a) - 30%));--awb-bg-color-hover:hsla(var(--awb-color2-h),var(--awb-color2-s),var(--awb-color2-l),calc(var(--awb-color2-a) - 30%));--awb-bg-size:cover;--awb-border-radius:10px 10px 10px 10px;--awb-width-large:16.666666666667%;--awb-margin-top-large:25px;--awb-spacing-right-large:11.52%;--awb-margin-bottom-large:25px;--awb-spacing-left-large:11.52%;--awb-width-medium:100%;--awb-order-medium:0;--awb-spacing-right-medium:1.92%;--awb-spacing-left-medium:1.92%;--awb-width-small:100%;--awb-order-small:0;--awb-spacing-right-small:1.92%;--awb-spacing-left-small:1.92%;\"><div class=\"fusion-column-wrapper fusion-column-has-shadow fusion-flex-justify-content-flex-start fusion-content-layout-column\"><div class=\"fusion-text fusion-text-5 fusion-text-no-margin\" style=\"--awb-content-alignment:center;--awb-margin-top:0px;--awb-margin-right:0px;--awb-margin-bottom:0px;--awb-margin-left:0px;\"><p><strong><b>Kira S\u00f6zle\u015fmesi<\/b><\/strong><\/p>\n<\/div><\/div><\/div><div class=\"fusion-layout-column fusion_builder_column_inner fusion-builder-nested-column-3 fusion_builder_column_inner_1_6 1_6 fusion-flex-column fusion-flex-align-self-stretch\" style=\"--awb-padding-top:20px;--awb-padding-right:10px;--awb-padding-bottom:10px;--awb-padding-left:10px;--awb-overflow:hidden;--awb-bg-color:hsla(var(--awb-color2-h),var(--awb-color2-s),var(--awb-color2-l),calc(var(--awb-color2-a) - 20%));--awb-bg-color-hover:hsla(var(--awb-color2-h),var(--awb-color2-s),var(--awb-color2-l),calc(var(--awb-color2-a) - 20%));--awb-bg-size:cover;--awb-border-radius:10px 10px 10px 10px;--awb-width-large:16.666666666667%;--awb-margin-top-large:25px;--awb-spacing-right-large:11.52%;--awb-margin-bottom-large:25px;--awb-spacing-left-large:11.52%;--awb-width-medium:100%;--awb-order-medium:0;--awb-spacing-right-medium:1.92%;--awb-spacing-left-medium:1.92%;--awb-width-small:100%;--awb-order-small:0;--awb-spacing-right-small:1.92%;--awb-spacing-left-small:1.92%;\"><div class=\"fusion-column-wrapper fusion-column-has-shadow fusion-flex-justify-content-flex-start fusion-content-layout-column\"><div class=\"fusion-text fusion-text-6 fusion-text-no-margin\" style=\"--awb-content-alignment:center;--awb-line-height:14px;--awb-margin-top:0px;--awb-margin-right:0px;--awb-margin-bottom:0px;--awb-margin-left:0px;\"><p><strong><b>\u00d6n Kulu\u00e7ka Program\u0131<\/b><\/strong><\/p>\n<ul>\n<li style=\"text-align: left;\"><span style=\"font-size: 10px; line-height: 8px;\" data-fusion-font=\"true\">Giri\u015fimci Mentorlu\u011fu<\/span><\/li>\n<li style=\"text-align: left;\"><span style=\"font-size: 10px; line-height: 8px;\" data-fusion-font=\"true\">Kamu Hibe Devlet Destekleri<\/span><\/li>\n<\/ul>\n<\/div><\/div><\/div><div class=\"fusion-layout-column fusion_builder_column_inner fusion-builder-nested-column-4 fusion_builder_column_inner_1_6 1_6 fusion-flex-column fusion-flex-align-self-stretch\" style=\"--awb-padding-top:20px;--awb-padding-right:10px;--awb-padding-bottom:10px;--awb-padding-left:10px;--awb-overflow:hidden;--awb-bg-color:hsla(var(--awb-color2-h),var(--awb-color2-s),var(--awb-color2-l),calc(var(--awb-color2-a) - 10%));--awb-bg-color-hover:hsla(var(--awb-color2-h),var(--awb-color2-s),var(--awb-color2-l),calc(var(--awb-color2-a) - 10%));--awb-bg-size:cover;--awb-border-radius:10px 10px 10px 10px;--awb-width-large:16.666666666667%;--awb-margin-top-large:25px;--awb-spacing-right-large:11.52%;--awb-margin-bottom-large:25px;--awb-spacing-left-large:11.52%;--awb-width-medium:100%;--awb-order-medium:0;--awb-spacing-right-medium:1.92%;--awb-spacing-left-medium:1.92%;--awb-width-small:100%;--awb-order-small:0;--awb-spacing-right-small:1.92%;--awb-spacing-left-small:1.92%;\"><div class=\"fusion-column-wrapper fusion-column-has-shadow fusion-flex-justify-content-flex-start fusion-content-layout-column\"><div class=\"fusion-text fusion-text-7 fusion-text-no-margin\" style=\"--awb-content-alignment:center;--awb-margin-top:0px;--awb-margin-right:0px;--awb-margin-bottom:0px;--awb-margin-left:0px;\"><p><strong><b>\u00d6n Kulu\u00e7ka Mezun<\/b><\/strong><br \/>\n(6 Ay\/\u015eirket Kurulumu)<\/p>\n<\/div><\/div><\/div><div class=\"fusion-layout-column fusion_builder_column_inner fusion-builder-nested-column-5 fusion_builder_column_inner_1_6 1_6 fusion-flex-column fusion-flex-align-self-stretch\" style=\"--awb-padding-top:20px;--awb-padding-right:10px;--awb-padding-bottom:10px;--awb-padding-left:10px;--awb-overflow:hidden;--awb-bg-color:var(--awb-color2);--awb-bg-color-hover:var(--awb-color2);--awb-bg-size:cover;--awb-border-radius:10px 10px 10px 10px;--awb-width-large:16.666666666667%;--awb-margin-top-large:25px;--awb-spacing-right-large:11.52%;--awb-margin-bottom-large:25px;--awb-spacing-left-large:11.52%;--awb-width-medium:100%;--awb-order-medium:0;--awb-spacing-right-medium:1.92%;--awb-spacing-left-medium:1.92%;--awb-width-small:100%;--awb-order-small:0;--awb-spacing-right-small:1.92%;--awb-spacing-left-small:1.92%;\"><div class=\"fusion-column-wrapper fusion-column-has-shadow fusion-flex-justify-content-flex-start fusion-content-layout-column\"><div class=\"fusion-text fusion-text-8 fusion-text-no-margin\" style=\"--awb-content-alignment:center;--awb-margin-top:0px;--awb-margin-right:0px;--awb-margin-bottom:0px;--awb-margin-left:0px;\"><p><strong><b>Kulu\u00e7ka Firmas\u0131<b><\/b><\/b><\/strong><\/p>\n<\/div><\/div><\/div><\/div><\/div><\/div><\/div><\/div><\/p>\n","protected":false},"excerpt":{"rendered":"","protected":false},"author":1,"featured_media":6421,"parent":6748,"menu_order":0,"comment_status":"closed","ping_status":"closed","template":"100-width.php","meta":{"footnotes":""},"class_list":["post-6761","page","type-page","status-publish","has-post-thumbnail","hentry"],"yoast_head":"<!-- This site is optimized with the Yoast SEO plugin v27.4 - https:\/\/yoast.com\/product\/yoast-seo-wordpress\/ -->\n<title>Pre-Incubation Program - Bili\u015fim Vadisi<\/title>\n<meta name=\"robots\" content=\"index, follow, max-snippet:-1, max-image-preview:large, max-video-preview:-1\" \/>\n<link rel=\"canonical\" href=\"https:\/\/bilisimvadisi.com.tr\/en\/programs\/pre-incubation-program\/\" \/>\n<meta property=\"og:locale\" content=\"en_US\" \/>\n<meta property=\"og:type\" content=\"article\" \/>\n<meta property=\"og:title\" content=\"Pre-Incubation Program - Bili\u015fim Vadisi\" \/>\n<meta property=\"og:url\" content=\"https:\/\/bilisimvadisi.com.tr\/en\/programs\/pre-incubation-program\/\" \/>\n<meta property=\"og:site_name\" content=\"Bili\u015fim Vadisi\" \/>\n<meta property=\"article:modified_time\" content=\"2024-11-05T05:47:11+00:00\" \/>\n<meta property=\"og:image\" content=\"https:\/\/bilisimvadisi.com.tr\/en\/wp-content\/uploads\/2024\/08\/BV_NG_0007.webp\" \/>\n\t<meta property=\"og:image:width\" content=\"1920\" \/>\n\t<meta property=\"og:image:height\" content=\"1080\" \/>\n\t<meta property=\"og:image:type\" content=\"image\/webp\" \/>\n<meta name=\"twitter:card\" content=\"summary_large_image\" \/>\n<meta name=\"twitter:site\" content=\"@Bilisimvadisitr\" \/>\n<meta name=\"twitter:label1\" content=\"Est. reading time\" \/>\n\t<meta name=\"twitter:data1\" content=\"1 minute\" \/>\n<script type=\"application\/ld+json\" class=\"yoast-schema-graph\">{\"@context\":\"https:\\\/\\\/schema.org\",\"@graph\":[{\"@type\":\"WebPage\",\"@id\":\"https:\\\/\\\/bilisimvadisi.com.tr\\\/en\\\/programs\\\/pre-incubation-program\\\/\",\"url\":\"https:\\\/\\\/bilisimvadisi.com.tr\\\/en\\\/programs\\\/pre-incubation-program\\\/\",\"name\":\"Pre-Incubation Program - Bili\u015fim Vadisi\",\"isPartOf\":{\"@id\":\"https:\\\/\\\/bilisimvadisi.com.tr\\\/en\\\/#website\"},\"primaryImageOfPage\":{\"@id\":\"https:\\\/\\\/bilisimvadisi.com.tr\\\/en\\\/programs\\\/pre-incubation-program\\\/#primaryimage\"},\"image\":{\"@id\":\"https:\\\/\\\/bilisimvadisi.com.tr\\\/en\\\/programs\\\/pre-incubation-program\\\/#primaryimage\"},\"thumbnailUrl\":\"https:\\\/\\\/bilisimvadisi.com.tr\\\/en\\\/wp-content\\\/uploads\\\/2024\\\/08\\\/BV_NG_0007.webp\",\"datePublished\":\"2024-11-05T05:36:20+00:00\",\"dateModified\":\"2024-11-05T05:47:11+00:00\",\"breadcrumb\":{\"@id\":\"https:\\\/\\\/bilisimvadisi.com.tr\\\/en\\\/programs\\\/pre-incubation-program\\\/#breadcrumb\"},\"inLanguage\":\"en-US\",\"potentialAction\":[{\"@type\":\"ReadAction\",\"target\":[\"https:\\\/\\\/bilisimvadisi.com.tr\\\/en\\\/programs\\\/pre-incubation-program\\\/\"]}]},{\"@type\":\"ImageObject\",\"inLanguage\":\"en-US\",\"@id\":\"https:\\\/\\\/bilisimvadisi.com.tr\\\/en\\\/programs\\\/pre-incubation-program\\\/#primaryimage\",\"url\":\"https:\\\/\\\/bilisimvadisi.com.tr\\\/en\\\/wp-content\\\/uploads\\\/2024\\\/08\\\/BV_NG_0007.webp\",\"contentUrl\":\"https:\\\/\\\/bilisimvadisi.com.tr\\\/en\\\/wp-content\\\/uploads\\\/2024\\\/08\\\/BV_NG_0007.webp\",\"width\":1920,\"height\":1080},{\"@type\":\"BreadcrumbList\",\"@id\":\"https:\\\/\\\/bilisimvadisi.com.tr\\\/en\\\/programs\\\/pre-incubation-program\\\/#breadcrumb\",\"itemListElement\":[{\"@type\":\"ListItem\",\"position\":1,\"name\":\"Anasayfa\",\"item\":\"https:\\\/\\\/bilisimvadisi.com.tr\\\/en\\\/\"},{\"@type\":\"ListItem\",\"position\":2,\"name\":\"Programs\",\"item\":\"https:\\\/\\\/bilisimvadisi.com.tr\\\/en\\\/programs\\\/\"},{\"@type\":\"ListItem\",\"position\":3,\"name\":\"Pre-Incubation Program\"}]},{\"@type\":\"WebSite\",\"@id\":\"https:\\\/\\\/bilisimvadisi.com.tr\\\/en\\\/#website\",\"url\":\"https:\\\/\\\/bilisimvadisi.com.tr\\\/en\\\/\",\"name\":\"Bili\u015fim Vadisi\",\"description\":\"Technology Development Zone\",\"publisher\":{\"@id\":\"https:\\\/\\\/bilisimvadisi.com.tr\\\/en\\\/#organization\"},\"potentialAction\":[{\"@type\":\"SearchAction\",\"target\":{\"@type\":\"EntryPoint\",\"urlTemplate\":\"https:\\\/\\\/bilisimvadisi.com.tr\\\/en\\\/?s={search_term_string}\"},\"query-input\":{\"@type\":\"PropertyValueSpecification\",\"valueRequired\":true,\"valueName\":\"search_term_string\"}}],\"inLanguage\":\"en-US\"},{\"@type\":\"Organization\",\"@id\":\"https:\\\/\\\/bilisimvadisi.com.tr\\\/en\\\/#organization\",\"name\":\"Bili\u015fim Vadisi\",\"url\":\"https:\\\/\\\/bilisimvadisi.com.tr\\\/en\\\/\",\"logo\":{\"@type\":\"ImageObject\",\"inLanguage\":\"en-US\",\"@id\":\"https:\\\/\\\/bilisimvadisi.com.tr\\\/en\\\/#\\\/schema\\\/logo\\\/image\\\/\",\"url\":\"https:\\\/\\\/bilisimvadisi.com.tr\\\/en\\\/wp-content\\\/uploads\\\/2022\\\/05\\\/BV_Logo_WS.png\",\"contentUrl\":\"https:\\\/\\\/bilisimvadisi.com.tr\\\/en\\\/wp-content\\\/uploads\\\/2022\\\/05\\\/BV_Logo_WS.png\",\"width\":1000,\"height\":250,\"caption\":\"Bili\u015fim Vadisi\"},\"image\":{\"@id\":\"https:\\\/\\\/bilisimvadisi.com.tr\\\/en\\\/#\\\/schema\\\/logo\\\/image\\\/\"},\"sameAs\":[\"https:\\\/\\\/x.com\\\/Bilisimvadisitr\",\"https:\\\/\\\/www.linkedin.com\\\/company\\\/bilisimvadisitr\\\/\",\"https:\\\/\\\/www.instagram.com\\\/bilisimvadisitr\\\/\",\"https:\\\/\\\/www.youtube.com\\\/channel\\\/UCsgrQQz_g-Xbx3z-XqWLcsA\"]}]}<\/script>\n<!-- \/ Yoast SEO plugin. -->","yoast_head_json":{"title":"Pre-Incubation Program - Bili\u015fim Vadisi","robots":{"index":"index","follow":"follow","max-snippet":"max-snippet:-1","max-image-preview":"max-image-preview:large","max-video-preview":"max-video-preview:-1"},"canonical":"https:\/\/bilisimvadisi.com.tr\/en\/programs\/pre-incubation-program\/","og_locale":"en_US","og_type":"article","og_title":"Pre-Incubation Program - Bili\u015fim Vadisi","og_url":"https:\/\/bilisimvadisi.com.tr\/en\/programs\/pre-incubation-program\/","og_site_name":"Bili\u015fim Vadisi","article_modified_time":"2024-11-05T05:47:11+00:00","og_image":[{"width":1920,"height":1080,"url":"https:\/\/bilisimvadisi.com.tr\/en\/wp-content\/uploads\/2024\/08\/BV_NG_0007.webp","type":"image\/webp"}],"twitter_card":"summary_large_image","twitter_site":"@Bilisimvadisitr","twitter_misc":{"Est. reading time":"1 minute"},"schema":{"@context":"https:\/\/schema.org","@graph":[{"@type":"WebPage","@id":"https:\/\/bilisimvadisi.com.tr\/en\/programs\/pre-incubation-program\/","url":"https:\/\/bilisimvadisi.com.tr\/en\/programs\/pre-incubation-program\/","name":"Pre-Incubation Program - Bili\u015fim Vadisi","isPartOf":{"@id":"https:\/\/bilisimvadisi.com.tr\/en\/#website"},"primaryImageOfPage":{"@id":"https:\/\/bilisimvadisi.com.tr\/en\/programs\/pre-incubation-program\/#primaryimage"},"image":{"@id":"https:\/\/bilisimvadisi.com.tr\/en\/programs\/pre-incubation-program\/#primaryimage"},"thumbnailUrl":"https:\/\/bilisimvadisi.com.tr\/en\/wp-content\/uploads\/2024\/08\/BV_NG_0007.webp","datePublished":"2024-11-05T05:36:20+00:00","dateModified":"2024-11-05T05:47:11+00:00","breadcrumb":{"@id":"https:\/\/bilisimvadisi.com.tr\/en\/programs\/pre-incubation-program\/#breadcrumb"},"inLanguage":"en-US","potentialAction":[{"@type":"ReadAction","target":["https:\/\/bilisimvadisi.com.tr\/en\/programs\/pre-incubation-program\/"]}]},{"@type":"ImageObject","inLanguage":"en-US","@id":"https:\/\/bilisimvadisi.com.tr\/en\/programs\/pre-incubation-program\/#primaryimage","url":"https:\/\/bilisimvadisi.com.tr\/en\/wp-content\/uploads\/2024\/08\/BV_NG_0007.webp","contentUrl":"https:\/\/bilisimvadisi.com.tr\/en\/wp-content\/uploads\/2024\/08\/BV_NG_0007.webp","width":1920,"height":1080},{"@type":"BreadcrumbList","@id":"https:\/\/bilisimvadisi.com.tr\/en\/programs\/pre-incubation-program\/#breadcrumb","itemListElement":[{"@type":"ListItem","position":1,"name":"Anasayfa","item":"https:\/\/bilisimvadisi.com.tr\/en\/"},{"@type":"ListItem","position":2,"name":"Programs","item":"https:\/\/bilisimvadisi.com.tr\/en\/programs\/"},{"@type":"ListItem","position":3,"name":"Pre-Incubation Program"}]},{"@type":"WebSite","@id":"https:\/\/bilisimvadisi.com.tr\/en\/#website","url":"https:\/\/bilisimvadisi.com.tr\/en\/","name":"Bili\u015fim Vadisi","description":"Technology Development Zone","publisher":{"@id":"https:\/\/bilisimvadisi.com.tr\/en\/#organization"},"potentialAction":[{"@type":"SearchAction","target":{"@type":"EntryPoint","urlTemplate":"https:\/\/bilisimvadisi.com.tr\/en\/?s={search_term_string}"},"query-input":{"@type":"PropertyValueSpecification","valueRequired":true,"valueName":"search_term_string"}}],"inLanguage":"en-US"},{"@type":"Organization","@id":"https:\/\/bilisimvadisi.com.tr\/en\/#organization","name":"Bili\u015fim Vadisi","url":"https:\/\/bilisimvadisi.com.tr\/en\/","logo":{"@type":"ImageObject","inLanguage":"en-US","@id":"https:\/\/bilisimvadisi.com.tr\/en\/#\/schema\/logo\/image\/","url":"https:\/\/bilisimvadisi.com.tr\/en\/wp-content\/uploads\/2022\/05\/BV_Logo_WS.png","contentUrl":"https:\/\/bilisimvadisi.com.tr\/en\/wp-content\/uploads\/2022\/05\/BV_Logo_WS.png","width":1000,"height":250,"caption":"Bili\u015fim Vadisi"},"image":{"@id":"https:\/\/bilisimvadisi.com.tr\/en\/#\/schema\/logo\/image\/"},"sameAs":["https:\/\/x.com\/Bilisimvadisitr","https:\/\/www.linkedin.com\/company\/bilisimvadisitr\/","https:\/\/www.instagram.com\/bilisimvadisitr\/","https:\/\/www.youtube.com\/channel\/UCsgrQQz_g-Xbx3z-XqWLcsA"]}]}},"_links":{"self":[{"href":"https:\/\/bilisimvadisi.com.tr\/en\/wp-json\/wp\/v2\/pages\/6761","targetHints":{"allow":["GET"]}}],"collection":[{"href":"https:\/\/bilisimvadisi.com.tr\/en\/wp-json\/wp\/v2\/pages"}],"about":[{"href":"https:\/\/bilisimvadisi.com.tr\/en\/wp-json\/wp\/v2\/types\/page"}],"author":[{"embeddable":true,"href":"https:\/\/bilisimvadisi.com.tr\/en\/wp-json\/wp\/v2\/users\/1"}],"replies":[{"embeddable":true,"href":"https:\/\/bilisimvadisi.com.tr\/en\/wp-json\/wp\/v2\/comments?post=6761"}],"version-history":[{"count":5,"href":"https:\/\/bilisimvadisi.com.tr\/en\/wp-json\/wp\/v2\/pages\/6761\/revisions"}],"predecessor-version":[{"id":6771,"href":"https:\/\/bilisimvadisi.com.tr\/en\/wp-json\/wp\/v2\/pages\/6761\/revisions\/6771"}],"up":[{"embeddable":true,"href":"https:\/\/bilisimvadisi.com.tr\/en\/wp-json\/wp\/v2\/pages\/6748"}],"wp:featuredmedia":[{"embeddable":true,"href":"https:\/\/bilisimvadisi.com.tr\/en\/wp-json\/wp\/v2\/media\/6421"}],"wp:attachment":[{"href":"https:\/\/bilisimvadisi.com.tr\/en\/wp-json\/wp\/v2\/media?parent=6761"}],"curies":[{"name":"wp","href":"https:\/\/api.w.org\/{rel}","templated":true}]}}